{"id":258159,"date":"2023-05-03T19:35:08","date_gmt":"2023-05-03T17:35:08","guid":{"rendered":"https:\/\/brnoopen.eu\/brno-open-championship-in-dance-sport\/"},"modified":"2025-11-07T13:01:09","modified_gmt":"2025-11-07T12:01:09","slug":"brno-open-championship-in-dance-sport","status":"publish","type":"page","link":"https:\/\/brnoopen.eu\/en\/","title":{"rendered":"Brno Open championship in dance sport"},"content":{"rendered":"<p>[et_pb_section fb_built=&#8221;1&#8243; disabled_on=&#8221;off|off|off&#8221; admin_label=&#8221;Sekce&#8221; _builder_version=&#8221;4.27.4&#8243; _module_preset=&#8221;default&#8221; module_alignment=&#8221;center&#8221; custom_margin=&#8221;0px||0px||false|false&#8221; custom_padding=&#8221;0px||0px||false|false&#8221; locked=&#8221;off&#8221; global_colors_info=&#8221;{}&#8221;][et_pb_row admin_label=&#8221;\u0158\u00e1dek&#8221; _builder_version=&#8221;4.27.4&#8243; _module_preset=&#8221;default&#8221; width=&#8221;100%&#8221; module_alignment=&#8221;center&#8221; height=&#8221;100%&#8221; custom_margin=&#8221;0px||0px||true|false&#8221; custom_padding=&#8221;0px||0px||true|false&#8221; global_colors_info=&#8221;{}&#8221;][et_pb_column type=&#8221;4_4&#8243; _builder_version=&#8221;4.27.4&#8243; _module_preset=&#8221;default&#8221; global_colors_info=&#8221;{}&#8221;][et_pb_code _builder_version=&#8221;4.27.4&#8243; _module_preset=&#8221;default&#8221; hover_enabled=&#8221;0&#8243; sticky_enabled=&#8221;0&#8243;]<\/p>\n<div class=\"hero-video\" style=\"position:relative;overflow:hidden;\"><!-- [et_pb_line_break_holder] -->  <video id=\"heroVid\"<!-- [et_pb_line_break_holder] -->    src=&#8221;https:\/\/brnoopen.eu\/wp-content\/uploads\/2025\/11\/BRNO-OPEN-2025-After-Movie-_1.mp4&#8243;<!-- [et_pb_line_break_holder] -->    autoplay<!-- [et_pb_line_break_holder] -->    muted<!-- [et_pb_line_break_holder] -->    loop<!-- [et_pb_line_break_holder] -->    playsinline<!-- [et_pb_line_break_holder] -->    style=&#8221;width:100%;height:auto;display:block;&#8221;><!-- [et_pb_line_break_holder] -->  <\/video><!-- [et_pb_line_break_holder] --><!-- [et_pb_line_break_holder] -->  <!-- mal\u00e9 jemn\u00e9 tla\u010d\u00edtko zvuku --><!-- [et_pb_line_break_holder] -->  <button id=\"soundBtn\"<!-- [et_pb_line_break_holder] -->    style=&#8221;position:absolute;right:18px;bottom:18px;z-index:10;<!-- [et_pb_line_break_holder] -->           background:rgba(0,0,0,0.35);color:#fff;border:none;<!-- [et_pb_line_break_holder] -->           padding:6px 8px;border-radius:50%;cursor:pointer;<!-- [et_pb_line_break_holder] -->           font-size:15px;line-height:1;transition:all 0.2s ease;&#8221;><!-- [et_pb_line_break_holder] -->    \ud83d\udd07<!-- [et_pb_line_break_holder] -->  <\/button><!-- [et_pb_line_break_holder] --><\/div>\n<p><!-- [et_pb_line_break_holder] --><!-- [et_pb_line_break_holder] --><script><!-- [et_pb_line_break_holder] -->document.addEventListener(\"DOMContentLoaded\", function() {<!-- [et_pb_line_break_holder] -->  const v = document.getElementById(\"heroVid\");<!-- [et_pb_line_break_holder] -->  const b = document.getElementById(\"soundBtn\");<!-- [et_pb_line_break_holder] --><!-- [et_pb_line_break_holder] -->  \/\/ zapne zvuk po prvn\u00edm gesta u\u017eivatele (klik, scroll, dotyk)<!-- [et_pb_line_break_holder] -->  const tryUnmute = () => {<!-- [et_pb_line_break_holder] -->    v.muted = false;<!-- [et_pb_line_break_holder] -->    v.volume = 1.0;<!-- [et_pb_line_break_holder] -->    v.play().catch(()=>{});<!-- [et_pb_line_break_holder] -->    updateButton();<!-- [et_pb_line_break_holder] -->    document.removeEventListener(\"click\", tryUnmute);<!-- [et_pb_line_break_holder] -->    document.removeEventListener(\"scroll\", tryUnmute);<!-- [et_pb_line_break_holder] -->    document.removeEventListener(\"touchstart\", tryUnmute);<!-- [et_pb_line_break_holder] -->  };<!-- [et_pb_line_break_holder] --><!-- [et_pb_line_break_holder] -->  document.addEventListener(\"click\", tryUnmute);<!-- [et_pb_line_break_holder] -->  document.addEventListener(\"scroll\", tryUnmute);<!-- [et_pb_line_break_holder] -->  document.addEventListener(\"touchstart\", tryUnmute);<!-- [et_pb_line_break_holder] --><!-- [et_pb_line_break_holder] -->  \/\/ p\u0159ep\u00edn\u00e1n\u00ed zvuku tla\u010d\u00edtkem<!-- [et_pb_line_break_holder] -->  b.addEventListener(\"click\", () => {<!-- [et_pb_line_break_holder] -->    v.muted = !v.muted;<!-- [et_pb_line_break_holder] -->    v.play().catch(()=>{});<!-- [et_pb_line_break_holder] -->    updateButton();<!-- [et_pb_line_break_holder] -->  });<!-- [et_pb_line_break_holder] --><!-- [et_pb_line_break_holder] -->  \/\/ vizu\u00e1ln\u00ed zm\u011bna ikony<!-- [et_pb_line_break_holder] -->  function updateButton() {<!-- [et_pb_line_break_holder] -->    b.textContent = v.muted ? \"\ud83d\udd07\" : \"\ud83d\udd0a\";<!-- [et_pb_line_break_holder] -->  }<!-- [et_pb_line_break_holder] --><!-- [et_pb_line_break_holder] -->  \/\/ efekt hoveru (jemn\u00e9 zesv\u011btlen\u00ed)<!-- [et_pb_line_break_holder] -->  b.addEventListener(\"mouseover\", () => {<!-- [et_pb_line_break_holder] -->    b.style.background = \"rgba(0,0,0,0.55)\";<!-- [et_pb_line_break_holder] -->  });<!-- [et_pb_line_break_holder] -->  b.addEventListener(\"mouseout\", () => {<!-- [et_pb_line_break_holder] -->    b.style.background = \"rgba(0,0,0,0.35)\";<!-- [et_pb_line_break_holder] -->  });<!-- [et_pb_line_break_holder] --><!-- [et_pb_line_break_holder] -->  updateButton();<!-- [et_pb_line_break_holder] -->});<!-- [et_pb_line_break_holder] --><\/script><!-- [et_pb_line_break_holder] -->[\/et_pb_code][\/et_pb_column][\/et_pb_row][et_pb_row make_equal=&#8221;on&#8221; custom_padding_last_edited=&#8221;off|desktop&#8221; disabled_on=&#8221;off|off|off&#8221; admin_label=&#8221;\u0158\u00e1dek&#8221; _builder_version=&#8221;4.27.4&#8243; _module_preset=&#8221;default&#8221; width=&#8221;100%&#8221; module_alignment=&#8221;center&#8221; min_height_last_edited=&#8221;off|desktop&#8221; height_tablet=&#8221;&#8221; height_phone=&#8221;&#8221; height_last_edited=&#8221;on|phone&#8221; max_height_tablet=&#8221;&#8221; max_height_phone=&#8221;&#8221; max_height_last_edited=&#8221;on|desktop&#8221; custom_margin=&#8221;-6px|0px|0px|0px|false|false&#8221; custom_margin_phone=&#8221;10px|0px|0px|0px|false|false&#8221; custom_margin_last_edited=&#8221;off|tablet&#8221; custom_padding=&#8221;0px|0px|30px|0px|false|false&#8221; background_horizontal_offset_tablet=&#8221;10%&#8221; locked=&#8221;off&#8221; global_colors_info=&#8221;{}&#8221;][et_pb_column type=&#8221;4_4&#8243; _builder_version=&#8221;4.19.2&#8243; _module_preset=&#8221;default&#8221; global_colors_info=&#8221;{}&#8221;][et_pb_text disabled_on=&#8221;off|off|off&#8221; _builder_version=&#8221;4.27.4&#8243; _module_preset=&#8221;default&#8221; text_font=&#8221;|700|||||||&#8221; text_font_size=&#8221;54px&#8221; header_font=&#8221;||||||||&#8221; header_font_size=&#8221;40px&#8221; header_line_height=&#8221;1.4em&#8221; header_2_font_size=&#8221;34px&#8221; header_3_text_align=&#8221;center&#8221; text_orientation=&#8221;center&#8221; custom_margin=&#8221;0px||0px||false|false&#8221; custom_padding=&#8221;34px|20px|0px|20px|false|false&#8221; text_font_size_tablet=&#8221;46px&#8221; text_font_size_phone=&#8221;40px&#8221; text_font_size_last_edited=&#8221;on|desktop&#8221; header_font_size_tablet=&#8221;34px&#8221; header_font_size_phone=&#8221;28px&#8221; header_font_size_last_edited=&#8221;on|tablet&#8221; header_2_font_tablet=&#8221;&#8221; header_2_font_phone=&#8221;&#8221; header_2_font_last_edited=&#8221;on|phone&#8221; header_2_font_size_tablet=&#8221;34px&#8221; header_2_font_size_phone=&#8221;24px&#8221; header_2_font_size_last_edited=&#8221;on|phone&#8221; header_3_font_last_edited=&#8221;off|desktop&#8221; text_text_shadow_style=&#8221;preset2&#8243; header_text_shadow_style=&#8221;preset2&#8243; header_text_shadow_color=&#8221;#000000&#8243; header_2_text_shadow_style=&#8221;preset2&#8243; header_2_text_shadow_color=&#8221;#000000&#8243; header_3_text_shadow_style=&#8221;preset2&#8243; header_3_text_shadow_color=&#8221;#000000&#8243; global_colors_info=&#8221;{}&#8221;]<\/p>\n<h1>We would like to thank our partners and spectators for their support!<\/h1>\n<p>&nbsp;<\/p>\n<h2>We look forward to seeing you at BRNO OPEN 2026<\/h2>\n<h2>October 16\u201318, 2026<br \/>Starez Arena Vodova Brno<\/h2>\n<p>[\/et_pb_text][et_pb_button button_url=&#8221;https:\/\/www.ceskatelevize.cz\/porady\/17213699505-ms-v-latinskoamerickych-tancich-2025-cesko\/325297371102001\/gnw&#8221; button_text=&#8221;Live broadcast of the \u010cT Sport BRNO OPEN 2025&#8243; button_alignment=&#8221;center&#8221; disabled_on=&#8221;off|off|off&#8221; _builder_version=&#8221;4.27.4&#8243; _module_preset=&#8221;default&#8221; button_icon=&#8221;&#x39;||divi||400&#8243; custom_margin=&#8221;28px|||||&#8221; global_colors_info=&#8221;{}&#8221;][\/et_pb_button][et_pb_button button_url=&#8221;https:\/\/katerinarysava.pixin.gallery\/sa\/h=iafqxgngnw&#8221; button_text=&#8221;Photo gallery BRNO OPEN 2025&#8243; button_alignment=&#8221;center&#8221; disabled_on=&#8221;off|off|off&#8221; _builder_version=&#8221;4.27.4&#8243; _module_preset=&#8221;default&#8221; button_icon=&#8221;&#x39;||divi||400&#8243; custom_margin=&#8221;28px|||||&#8221; global_colors_info=&#8221;{}&#8221;][\/et_pb_button][et_pb_button button_url=&#8221;https:\/\/brnoopen.eu\/wp-content\/uploads\/2025\/10\/BO_program_2025.pdf&#8221; url_new_window=&#8221;on&#8221; button_text=&#8221;PROGRAM Brno Open 2025&#8243; button_alignment=&#8221;center&#8221; disabled_on=&#8221;off|off|off&#8221; _builder_version=&#8221;4.27.4&#8243; _module_preset=&#8221;default&#8221; button_icon=&#8221;&#x39;||divi||400&#8243; custom_margin=&#8221;28px|||||&#8221; locked=&#8221;off&#8221; global_colors_info=&#8221;{}&#8221;][\/et_pb_button][\/et_pb_column][\/et_pb_row][\/et_pb_section]<\/p>\n","protected":false},"excerpt":{"rendered":"<p>World and European Dance Sport Championships &#8211; BRNO OPEN 2023. Starez Arena, Brno, Czech Republic<\/p>\n","protected":false},"author":2,"featured_media":258048,"parent":0,"menu_order":0,"comment_status":"closed","ping_status":"closed","template":"","meta":{"_et_pb_use_builder":"on","_et_pb_old_content":"","_et_gb_content_width":"","footnotes":""},"class_list":["post-258159","page","type-page","status-publish","has-post-thumbnail","hentry"],"_links":{"self":[{"href":"https:\/\/brnoopen.eu\/en\/wp-json\/wp\/v2\/pages\/258159","targetHints":{"allow":["GET"]}}],"collection":[{"href":"https:\/\/brnoopen.eu\/en\/wp-json\/wp\/v2\/pages"}],"about":[{"href":"https:\/\/brnoopen.eu\/en\/wp-json\/wp\/v2\/types\/page"}],"author":[{"embeddable":true,"href":"https:\/\/brnoopen.eu\/en\/wp-json\/wp\/v2\/users\/2"}],"replies":[{"embeddable":true,"href":"https:\/\/brnoopen.eu\/en\/wp-json\/wp\/v2\/comments?post=258159"}],"version-history":[{"count":0,"href":"https:\/\/brnoopen.eu\/en\/wp-json\/wp\/v2\/pages\/258159\/revisions"}],"wp:featuredmedia":[{"embeddable":true,"href":"https:\/\/brnoopen.eu\/en\/wp-json\/wp\/v2\/media\/258048"}],"wp:attachment":[{"href":"https:\/\/brnoopen.eu\/en\/wp-json\/wp\/v2\/media?parent=258159"}],"curies":[{"name":"wp","href":"https:\/\/api.w.org\/{rel}","templated":true}]}}