{"id":258108,"date":"2023-04-18T13:21:43","date_gmt":"2023-04-18T11:21:43","guid":{"rendered":"https:\/\/brnoopen.eu\/information\/"},"modified":"2025-10-18T13:53:53","modified_gmt":"2025-10-18T11:53:53","slug":"information","status":"publish","type":"page","link":"https:\/\/brnoopen.eu\/en\/information\/","title":{"rendered":"Spectators"},"content":{"rendered":"<p>[et_pb_section fb_built=&#8221;1&#8243; admin_label=&#8221;Program sobota 18.10.2025&#8243; _builder_version=&#8221;4.27.4&#8243; _module_preset=&#8221;default&#8221; background_color=&#8221;#222222&#8243; custom_margin=&#8221;||||false|false&#8221; global_colors_info=&#8221;{}&#8221;][et_pb_row _builder_version=&#8221;4.27.0&#8243; _module_preset=&#8221;default&#8221; width_phone=&#8221;auto&#8221; width_last_edited=&#8221;off|phone&#8221; custom_padding=&#8221;||15px|||&#8221; animation_direction=&#8221;bottom&#8221; locked=&#8221;off&#8221; global_colors_info=&#8221;{}&#8221;][et_pb_column type=&#8221;4_4&#8243; _builder_version=&#8221;4.20.4&#8243; _module_preset=&#8221;default&#8221; global_colors_info=&#8221;{}&#8221;][et_pb_text _builder_version=&#8221;4.25.1&#8243; _module_preset=&#8221;default&#8221; custom_padding=&#8221;||0px|||&#8221; animation_direction=&#8221;left&#8221; global_colors_info=&#8221;{}&#8221;]<\/p>\n<h3>Programme Saturday 18.10.2025<\/h3>\n<p><strong><\/strong><\/p>\n<p>[\/et_pb_text][et_pb_text _builder_version=&#8221;4.27.4&#8243; _module_preset=&#8221;default&#8221; min_height=&#8221;93px&#8221; custom_padding=&#8221;||2px|||&#8221; animation_direction=&#8221;left&#8221; global_colors_info=&#8221;{}&#8221;]<\/p>\n<p><strong>10:30 Start of the World Latin Championship<\/strong><br \/><strong>13:30 Start of the World Showdance Standard Championship<\/strong><br \/>15:00 World Latin Championship TOP 48 couples<br \/>15:50 World Showdance Standard Championship TOP 12 couples<br \/>16:50 &#8220;Dancing with EMIL&#8221; dance group &#8220;A pro\u010d ne?&#8221;<br \/><strong>17:00 Partner Cities Cup (Stuttgart, Leipzig, Bratislava, Vienna, Kaunas, Brno)<\/strong><br \/>18:00 World Latin Championship TOP 24 couples<br \/>18:45 Show of the Champions of the Czech Dance Sport Federation<\/p>\n<p><strong>19:30 Opening of the GALA EVENING<\/strong><br \/>19:30 Show Dance Veronika L\u00e1lov\u00e1 + Rytmo Factory<br \/>19:40 Grand opening of the World Dance Sport Championships<br \/>20:00 World Latin Championship TOP 12 couples<br \/><strong>20:30 World Showdance Standard Championship FINALS<\/strong><br \/>21:15 Show with the winners of the TV show Stardance\/ Lets Dance &#8211; Dominika Ro\u0161kov\u00e1, Veronika L\u00e1lov\u00e1 and others<br \/><strong>21:30 World Latin Championship FINALS<\/strong><\/p>\n<p><strong>Recommended DRESS CODE &#8211; Smart casual<\/strong><\/p>\n<p><strong>Parking around the hall is very limited!<\/strong> The parking lot in front of the hall is for official guests ONLY. We kindly ask the audience to use the nearby newly opened <a href=\"https:\/\/www.parkovanivbrne.cz\/aktuality\/novy-parkovaci-dum-academy-park-se-otevira-284\" target=\"_blank\" rel=\"noopener\">ACADEMY PARK<\/a> parking garage, which is only a few minutes away by public transport. Thank you<\/p>\n<p>[\/et_pb_text][et_pb_button button_url=&#8221;https:\/\/brnoopen.eu\/wp-content\/uploads\/2025\/10\/BO25_timetable_Saturday_2510141730.pdf&#8221; url_new_window=&#8221;on&#8221; button_text=&#8221;MS 2025 PROGRAMME&#8221; _builder_version=&#8221;4.27.4&#8243; _module_preset=&#8221;default&#8221; global_colors_info=&#8221;{}&#8221;][\/et_pb_button][et_pb_button button_url=&#8221;https:\/\/brnoopen.eu\/wp-content\/uploads\/2025\/10\/BO_program_2025.pdf&#8221; url_new_window=&#8221;on&#8221; button_text=&#8221;DOWNLOAD PDF PROGRAM&#8221; disabled_on=&#8221;off|off|off&#8221; _builder_version=&#8221;4.27.4&#8243; _module_preset=&#8221;default&#8221; button_icon=&#8221;&#x39;||divi||400&#8243; custom_margin=&#8221;28px|||||&#8221; hover_enabled=&#8221;0&#8243; locked=&#8221;off&#8221; global_colors_info=&#8221;{}&#8221; sticky_enabled=&#8221;0&#8243;][\/et_pb_button][\/et_pb_column][\/et_pb_row][\/et_pb_section][et_pb_section fb_built=&#8221;1&#8243; admin_label=&#8221;vstupenky&#8221; _builder_version=&#8221;4.27.4&#8243; _module_preset=&#8221;default&#8221; custom_margin=&#8221;||||false|false&#8221; global_colors_info=&#8221;{}&#8221;][et_pb_row _builder_version=&#8221;4.27.0&#8243; _module_preset=&#8221;default&#8221; width_phone=&#8221;auto&#8221; width_last_edited=&#8221;off|phone&#8221; custom_padding=&#8221;||15px|||&#8221; animation_direction=&#8221;bottom&#8221; locked=&#8221;off&#8221; global_colors_info=&#8221;{}&#8221;][et_pb_column type=&#8221;4_4&#8243; _builder_version=&#8221;4.20.4&#8243; _module_preset=&#8221;default&#8221; global_colors_info=&#8221;{}&#8221;][et_pb_text _builder_version=&#8221;4.25.1&#8243; _module_preset=&#8221;default&#8221; custom_padding=&#8221;||0px|||&#8221; animation_direction=&#8221;left&#8221; locked=&#8221;off&#8221; global_colors_info=&#8221;{}&#8221;]<\/p>\n<h3>Tickets<\/h3>\n<p><strong><\/strong><\/p>\n<p>[\/et_pb_text][et_pb_button button_url=&#8221;https:\/\/www.ticketportal.cz\/event\/MISTROVSTVI-SVETA-V-LATINE?idp=1401452&#8243; url_new_window=&#8221;on&#8221; button_text=&#8221;BUY A TICKET&#8221; button_alignment=&#8221;left&#8221; _builder_version=&#8221;4.27.4&#8243; _module_preset=&#8221;default&#8221; button_icon=&#8221;&#x39;||divi||400&#8243; custom_margin=&#8221;20px||||false|false&#8221; animation_direction=&#8221;right&#8221; locked=&#8221;off&#8221; global_colors_info=&#8221;{}&#8221;][\/et_pb_button][et_pb_text _builder_version=&#8221;4.27.4&#8243; _module_preset=&#8221;default&#8221; min_height=&#8221;60.6px&#8221; global_colors_info=&#8221;{}&#8221;]<\/p>\n<p>Only tickets for Saturday, October 18, 2025, are available in advance.<\/p>\n<p>Tickets for Sunday&#8217;s competitions will be sold on site at a flat price and will not be reserved.<\/p>\n<p><strong>Ticket prices for Sunday, October 19, 2025<\/strong><\/p>\n<p>Grandstand &#8211; unreserved seating only CZK 800<br \/>Discounted ticket (\u010cSTS coaches, children) CZK 400<br \/>Reserved seating at a table CZK 1,000<br \/>ZTP, ZTP\/P free of charge<br \/>Payments in cash (EUR, CZK) or by card.<\/p>\n<p>[\/et_pb_text][\/et_pb_column][\/et_pb_row][\/et_pb_section][et_pb_section fb_built=&#8221;1&#8243; admin_label=&#8221;Hotely&#8221; _builder_version=&#8221;4.27.4&#8243; _module_preset=&#8221;default&#8221; background_color=&#8221;#222222&#8243; custom_padding=&#8221;0px||31px||false|false&#8221; locked=&#8221;off&#8221; global_colors_info=&#8221;{}&#8221;][et_pb_row _builder_version=&#8221;4.27.0&#8243; _module_preset=&#8221;default&#8221; custom_margin=&#8221;0px||0px||false|false&#8221; custom_padding=&#8221;0px||0px||false|false&#8221; global_colors_info=&#8221;{}&#8221;][et_pb_column type=&#8221;4_4&#8243; _builder_version=&#8221;4.20.4&#8243; _module_preset=&#8221;default&#8221; global_colors_info=&#8221;{}&#8221;][et_pb_text _builder_version=&#8221;4.22.1&#8243; _module_preset=&#8221;default&#8221; custom_padding=&#8221;17px|||||&#8221; animation_style=&#8221;slide&#8221; animation_direction=&#8221;bottom&#8221; global_colors_info=&#8221;{}&#8221;]<\/p>\n<h2>OFFICIAL HOTELS<\/h2>\n<p>&nbsp;<\/p>\n<p>[\/et_pb_text][\/et_pb_column][\/et_pb_row][et_pb_row column_structure=&#8221;1_2,1_2&#8243; _builder_version=&#8221;4.27.4&#8243; _module_preset=&#8221;default&#8221; link_option_url_new_window=&#8221;on&#8221; locked=&#8221;off&#8221; global_colors_info=&#8221;{}&#8221;][et_pb_column type=&#8221;1_2&#8243; _builder_version=&#8221;4.21.0&#8243; _module_preset=&#8221;default&#8221; global_colors_info=&#8221;{}&#8221;][et_pb_text _builder_version=&#8221;4.27.4&#8243; _module_preset=&#8221;default&#8221; custom_padding=&#8221;||0px|||&#8221; animation_style=&#8221;slide&#8221; animation_direction=&#8221;left&#8221; animation_intensity_slide=&#8221;10%&#8221; link_option_url_new_window=&#8221;on&#8221; global_colors_info=&#8221;{}&#8221;]<\/p>\n<h3>QUALITY HOTEL BRNO EXHIBITION CENTRE****<\/h3>\n<p>This hotel is for participants of the WDSF World Latin and ShowDance Standard Championships.<\/p>\n<p>[\/et_pb_text][et_pb_button button_url=&#8221;https:\/\/www.qualityhotelbrnoexhibitioncentre.com\/cs\/&#8221; url_new_window=&#8221;on&#8221; button_text=&#8221;Hotel website&#8221; _builder_version=&#8221;4.27.4&#8243; _module_preset=&#8221;default&#8221; locked=&#8221;off&#8221; global_colors_info=&#8221;{}&#8221;][\/et_pb_button][\/et_pb_column][et_pb_column type=&#8221;1_2&#8243; _builder_version=&#8221;4.21.0&#8243; _module_preset=&#8221;default&#8221; global_colors_info=&#8221;{}&#8221;][et_pb_image src=&#8221;https:\/\/brnoopen.eu\/wp-content\/uploads\/2023\/09\/2023_Quality.jpg&#8221; title_text=&#8221;2023 Quality&#8221; url=&#8221;https:\/\/www.qualityhotelbrnoexhibitioncentre.com\/cs\/&#8221; url_new_window=&#8221;on&#8221; _builder_version=&#8221;4.27.4&#8243; _module_preset=&#8221;default&#8221; animation_style=&#8221;slide&#8221; animation_intensity_slide=&#8221;20%&#8221; global_colors_info=&#8221;{}&#8221;][\/et_pb_image][\/et_pb_column][\/et_pb_row][et_pb_row column_structure=&#8221;1_2,1_2&#8243; _builder_version=&#8221;4.27.4&#8243; _module_preset=&#8221;default&#8221; link_option_url_new_window=&#8221;on&#8221; locked=&#8221;off&#8221; global_colors_info=&#8221;{}&#8221;][et_pb_column type=&#8221;1_2&#8243; _builder_version=&#8221;4.21.0&#8243; _module_preset=&#8221;default&#8221; global_colors_info=&#8221;{}&#8221;][et_pb_text _builder_version=&#8221;4.27.4&#8243; _module_preset=&#8221;default&#8221; custom_padding=&#8221;||0px|||&#8221; animation_style=&#8221;slide&#8221; animation_direction=&#8221;left&#8221; animation_intensity_slide=&#8221;10%&#8221; link_option_url_new_window=&#8221;on&#8221; global_colors_info=&#8221;{}&#8221;]<\/p>\n<div class=\"et_pb_module et_pb_text et_pb_text_5 et_clickable et_pb_text_align_left et_pb_bg_layout_light\">\n<div class=\"et_pb_text_inner\">\n<h3>OREA CONGRESS HOTEL BRNO****<\/h3>\n<p>All the officials of the event are accommodated in this hotel. On the link below we offer accommodation for other event participants at a discounted rate. Reservations at the discounted rate can be made until capacity is reached, but no later than 6.10.2025.  <\/p>\n<\/div>\n<\/div>\n<p>[\/et_pb_text][et_pb_button button_url=&#8221;https:\/\/booking.orea.cz\/23419\/room-selection?sessionId=865f19cf-b44c-4331-9a3e-ead1b37b2c07&#038;filter=%7B%22rooms%22%3A%5B%7B%22adultsCount%22%3A2%2C%22childrenCount%22%3A0%2C%22childrenAges%22%3A%5B%5D%7D%5D%2C%22promoCode%22%3A%22DSPKOMETA2025%22%2C%22startDate%22%3A%222025-10-17%22%2C%22endDate%22%3A%222025-10-19%22%7D&#8221; url_new_window=&#8221;on&#8221; button_text=&#8221;Hotel website&#8221; _builder_version=&#8221;4.27.4&#8243; _module_preset=&#8221;default&#8221; locked=&#8221;off&#8221; global_colors_info=&#8221;{}&#8221;][\/et_pb_button][\/et_pb_column][et_pb_column type=&#8221;1_2&#8243; _builder_version=&#8221;4.21.0&#8243; _module_preset=&#8221;default&#8221; global_colors_info=&#8221;{}&#8221;][et_pb_image src=&#8221;https:\/\/brnoopen.eu\/wp-content\/uploads\/2023\/05\/Orea-Congres-Hotel-Brno-_1-e1726128190466.webp?_t=1726128534&#8243; title_text=&#8221;Orea Congres Hotel Brno 1&#8243; url=&#8221;https:\/\/booking.orea.cz\/23419\/room-selection?sessionId=865f19cf-b44c-4331-9a3e-ead1b37b2c07&#038;filter=%7B%22rooms%22%3A%5B%7B%22adultsCount%22%3A2%2C%22childrenCount%22%3A0%2C%22childrenAges%22%3A%5B%5D%7D%5D%2C%22promoCode%22%3A%22DSPKOMETA2025%22%2C%22startDate%22%3A%222025-10-17%22%2C%22endDate%22%3A%222025-10-19%22%7D&#8221; url_new_window=&#8221;on&#8221; _builder_version=&#8221;4.27.4&#8243; _module_preset=&#8221;default&#8221; animation_style=&#8221;slide&#8221; animation_intensity_slide=&#8221;20%&#8221; global_colors_info=&#8221;{}&#8221;][\/et_pb_image][\/et_pb_column][\/et_pb_row][et_pb_row column_structure=&#8221;1_2,1_2&#8243; _builder_version=&#8221;4.27.4&#8243; _module_preset=&#8221;default&#8221; link_option_url_new_window=&#8221;on&#8221; locked=&#8221;off&#8221; global_colors_info=&#8221;{}&#8221;][et_pb_column type=&#8221;1_2&#8243; _builder_version=&#8221;4.21.0&#8243; _module_preset=&#8221;default&#8221; global_colors_info=&#8221;{}&#8221;][et_pb_text _builder_version=&#8221;4.27.4&#8243; _module_preset=&#8221;default&#8221; background_color=&#8221;RGBA(255,255,255,0)&#8221; custom_padding=&#8221;||0px|||&#8221; animation_style=&#8221;slide&#8221; animation_direction=&#8221;left&#8221; animation_intensity_slide=&#8221;10%&#8221; link_option_url_new_window=&#8221;on&#8221; global_colors_info=&#8221;{}&#8221;]<\/p>\n<div class=\"et_pb_module et_pb_text et_pb_text_5 et_clickable et_pb_text_align_left et_pb_bg_layout_light\">\n<div class=\"et_pb_text_inner\">\n<h3>A SPORT HOTEL*** ONLY NIGHT 18.-19.10.<\/h3>\n<p>This hotel is located in the Starez Arena Vodova complex. It is available for one night only, from Saturday to Sunday 18.-19.10.2025. <\/p>\n<\/div>\n<\/div>\n<p>[\/et_pb_text][et_pb_button button_url=&#8221;https:\/\/www.a-sporthotel.cz\/&#8221; url_new_window=&#8221;on&#8221; button_text=&#8221;Hotel website&#8221; _builder_version=&#8221;4.27.4&#8243; _module_preset=&#8221;default&#8221; locked=&#8221;off&#8221; global_colors_info=&#8221;{}&#8221;][\/et_pb_button][\/et_pb_column][et_pb_column type=&#8221;1_2&#8243; _builder_version=&#8221;4.21.0&#8243; _module_preset=&#8221;default&#8221; global_colors_info=&#8221;{}&#8221;][et_pb_image src=&#8221;https:\/\/brnoopen.eu\/wp-content\/uploads\/2023\/09\/2023_ASPORT.jpg&#8221; title_text=&#8221;2025 ASPORT&#8221; url=&#8221;https:\/\/www.a-sporthotel.cz\/&#8221; url_new_window=&#8221;on&#8221; _builder_version=&#8221;4.27.4&#8243; _module_preset=&#8221;default&#8221; animation_style=&#8221;slide&#8221; animation_intensity_slide=&#8221;20%&#8221; global_colors_info=&#8221;{}&#8221;][\/et_pb_image][\/et_pb_column][\/et_pb_row][\/et_pb_section][et_pb_section fb_built=&#8221;1&#8243; _builder_version=&#8221;4.27.4&#8243; _module_preset=&#8221;default&#8221; custom_margin=&#8221;0px||0px||false|false&#8221; custom_padding=&#8221;0px||20px||false|false&#8221; global_colors_info=&#8221;{}&#8221;][et_pb_row _builder_version=&#8221;4.22.1&#8243; _module_preset=&#8221;default&#8221; custom_padding=&#8221;||||false|false&#8221; animation_direction=&#8221;bottom&#8221; locked=&#8221;off&#8221; global_colors_info=&#8221;{}&#8221;][et_pb_column type=&#8221;4_4&#8243; _builder_version=&#8221;4.20.4&#8243; _module_preset=&#8221;default&#8221; global_colors_info=&#8221;{}&#8221;][et_pb_text _builder_version=&#8221;4.27.4&#8243; _module_preset=&#8221;default&#8221; animation_direction=&#8221;left&#8221; global_colors_info=&#8221;{}&#8221;]<\/p>\n<h3>Access and parking<\/h3>\n<p>Parking around the hall is very limited!!! The parking lot in front of the hall is for official guests ONLY. We kindly ask the audience to use the nearby newly opened <a href=\"https:\/\/www.parkovanivbrne.cz\/aktuality\/novy-parkovaci-dum-academy-park-se-otevira-284\" target=\"_blank\" rel=\"noopener\">ACADEMY PARK<\/a> parking garage, which is only a few minutes away by public transport. Thank you<\/p>\n<p>STAREZ ARENA address for navigation:<\/p>\n<p>Starez Ar\u00e9na Vodova, Vodova 336\/108 612 00 Brno<br \/>49\u00b013\u201939.3\u2033N 16\u00b035\u201901.9\u2033E<\/p>\n<p>[\/et_pb_text][et_pb_button button_url=&#8221;https:\/\/my.wdsf.org\/Competitions&#8221; button_text=&#8221;WDSF website&#8221; _builder_version=&#8221;4.27.4&#8243; _module_preset=&#8221;default&#8221; locked=&#8221;off&#8221; global_colors_info=&#8221;{}&#8221;][\/et_pb_button][et_pb_button button_url=&#8221;https:\/\/mapy.cz\/turisticka?source=firm&#038;id=13250501&#038;ds=1&#038;x=16.5842297&#038;y=49.2275247&#038;z=17&#8243; url_new_window=&#8221;on&#8221; button_text=&#8221;maps.cz&#8221; _builder_version=&#8221;4.27.4&#8243; _module_preset=&#8221;default&#8221; global_colors_info=&#8221;{}&#8221;][\/et_pb_button][et_pb_button button_url=&#8221;https:\/\/www.google.com\/maps\/place\/Starez+Ar%C3%A9na+Vodova\/@49.227612,16.583683,18z\/data=!4m6!3m5!1s0x47129406b51aac89:0x16342fa97370a9af!8m2!3d49.2276119!4d16.5836827!16s%2Fm%2F0dgrtcv?entry=ttu&#038;g_ep=EgoyMDI1MDEyNy4wIKXMDSoASAFQAw%3D%3D&#8221; url_new_window=&#8221;on&#8221; button_text=&#8221;google.com\/maps&#8221; _builder_version=&#8221;4.27.4&#8243; _module_preset=&#8221;default&#8221; global_colors_info=&#8221;{}&#8221;][\/et_pb_button][\/et_pb_column][\/et_pb_row][\/et_pb_section]<\/p>\n","protected":false},"excerpt":{"rendered":"<p>Programme Saturday 18.10.2025 10:30 Start of the World Latin Championship13:30 Start of the World Showdance Standard Championship15:00 World Latin Championship TOP 48 couples15:50 World Showdance Standard Championship TOP 12 couples16:50 &#8220;Dancing with EMIL&#8221; dance group &#8220;A pro\u010d ne?&#8221;17:00 Partner Cities Cup (Stuttgart, Leipzig, Bratislava, Vienna, Kaunas, Brno)18:00 World Latin Championship TOP 24 couples18:45 Show of [&hellip;]<\/p>\n","protected":false},"author":2,"featured_media":0,"parent":0,"menu_order":0,"comment_status":"closed","ping_status":"closed","template":"","meta":{"_et_pb_use_builder":"on","_et_pb_old_content":"","_et_gb_content_width":"","footnotes":""},"class_list":["post-258108","page","type-page","status-publish","hentry"],"_links":{"self":[{"href":"https:\/\/brnoopen.eu\/en\/wp-json\/wp\/v2\/pages\/258108","targetHints":{"allow":["GET"]}}],"collection":[{"href":"https:\/\/brnoopen.eu\/en\/wp-json\/wp\/v2\/pages"}],"about":[{"href":"https:\/\/brnoopen.eu\/en\/wp-json\/wp\/v2\/types\/page"}],"author":[{"embeddable":true,"href":"https:\/\/brnoopen.eu\/en\/wp-json\/wp\/v2\/users\/2"}],"replies":[{"embeddable":true,"href":"https:\/\/brnoopen.eu\/en\/wp-json\/wp\/v2\/comments?post=258108"}],"version-history":[{"count":0,"href":"https:\/\/brnoopen.eu\/en\/wp-json\/wp\/v2\/pages\/258108\/revisions"}],"wp:attachment":[{"href":"https:\/\/brnoopen.eu\/en\/wp-json\/wp\/v2\/media?parent=258108"}],"curies":[{"name":"wp","href":"https:\/\/api.w.org\/{rel}","templated":true}]}}