{"id":258071,"date":"2023-02-16T10:58:07","date_gmt":"2023-02-16T09:58:07","guid":{"rendered":"https:\/\/brnoopen.eu\/contact\/"},"modified":"2025-08-26T10:15:10","modified_gmt":"2025-08-26T08:15:10","slug":"contact","status":"publish","type":"page","link":"https:\/\/brnoopen.eu\/en\/contact\/","title":{"rendered":"Contact"},"content":{"rendered":"<p>[et_pb_section fb_built=&#8221;1&#8243; _builder_version=&#8221;4.19.5&#8243; _module_preset=&#8221;default&#8221; global_colors_info=&#8221;{}&#8221;][et_pb_row column_structure=&#8221;2_5,3_5&#8243; _builder_version=&#8221;4.19.5&#8243; _module_preset=&#8221;default&#8221; global_colors_info=&#8221;{}&#8221;][et_pb_column type=&#8221;2_5&#8243; _builder_version=&#8221;4.19.5&#8243; _module_preset=&#8221;default&#8221; global_colors_info=&#8221;{}&#8221;][et_pb_text _builder_version=&#8221;4.27.4&#8243; _module_preset=&#8221;default&#8221; header_text_align=&#8221;center&#8221; header_text_align_tablet=&#8221;center&#8221; header_text_align_phone=&#8221;left&#8221; header_text_align_last_edited=&#8221;on|phone&#8221; global_colors_info=&#8221;{}&#8221;]<\/p>\n<h1>CONTACTS<\/h1>\n<p>[\/et_pb_text][\/et_pb_column][et_pb_column type=&#8221;3_5&#8243; _builder_version=&#8221;4.19.5&#8243; _module_preset=&#8221;default&#8221; global_colors_info=&#8221;{}&#8221;][et_pb_text _builder_version=&#8221;4.27.4&#8243; _module_preset=&#8221;default&#8221; hover_enabled=&#8221;0&#8243; global_colors_info=&#8221;{}&#8221; sticky_enabled=&#8221;0&#8243;]<\/p>\n<h5>Main organizer<\/h5>\n<p>Martin Odstr\u010dil<br \/>\nEmail: <a class=\"email-under\" href=\"mailto:martin@dancesportpro.cz\">martin@dancesportpro.cz<\/a><br \/>\nTel: +420 603 427 977 <\/p>\n<h5>Marketing and VIP<\/h5>\n<p>Jan Tomanek<br \/>\nEmail: <a class=\"email-under\" href=\"mailto:jan@dancesportpro.cz\">jan@dancesportpro.cz<\/a><br \/>\nTel: +420 603 512 754 <\/p>\n<h5>Couples applications<\/h5>\n<p>Ing. Petr Odstr\u010dil<br \/>\nEmail: <a class=\"email-under\" href=\"mailto:petr@dancesportpro.cz\">petr@dancesportpro.cz<\/a><br \/>\nTel: +420 604 231 299 <\/p>\n<h5>hotels<\/h5>\n<p>Bc. Petra Odstr\u010dilov\u00e1<br \/>\n<a class=\"email-under\" href=\"mailto:petra@dancesportpro.cz\">Email<\/a>: petra@dancesportpro.cz<br \/>\nTel: +420 724 721 199<\/p>\n<h5>Tickets<\/h5>\n<p>David Odstr\u010dil<br \/>\nEmail: <a class=\"email-under\" href=\"mailto:david@dancesportpro.cz\">david@dancesportpro.cz<\/a><br \/>\nTel: +420 604 263 693 <\/p>\n<h5>airport transfers<\/h5>\n<p>Daniel Provaznik<br \/>\nEmail: <a class=\"email-under\" href=\"mailto:shuttle@brnoopen.eu\">shuttle@brnoopen<\/a>.eu<br \/>\nTel: +420 731 651 688 <\/p>\n<h5>Vendors and exhibitors<\/h5>\n<p>Ing. Tom\u00e1\u0161 Oliva<br \/>\nEmail: <a class=\"email-under\" href=\"mailto:tomas@dancesportpro.cz\">tomas@dancesportpro.cz<\/a><br \/>\nTel: +420 603 975 435 <\/p>\n<h5>MEDIA, PHOTO, VIDEO<\/h5>\n<p>Jon\u00e1\u0161 Tom\u00e1nek<br \/>\nEmail:  <a class=\"email-under\" href=\"mailto:jonas@dancesportpro.cz\">jonas@dancesportpro.cz<\/span><\/a><br \/>\nTel: +420 604 969 289[\/et_pb_text][\/et_pb_column][\/et_pb_row][\/et_pb_section]<\/p>\n","protected":false},"excerpt":{"rendered":"<p>CONTACTSMain organizer Martin Odstr\u010dil Email: martin@dancesportpro.cz Tel: +420 603 427 977 Marketing and VIP Jan Tomanek Email: jan@dancesportpro.cz Tel: +420 603 512 754 Couples applications Ing. Petr Odstr\u010dil Email: petr@dancesportpro.cz Tel: +420 604 231 299 hotels Bc. Petra Odstr\u010dilov\u00e1 Email: petra@dancesportpro.cz Tel: +420 724 721 199 Tickets David Odstr\u010dil Email: david@dancesportpro.cz Tel: +420 604 263 [&hellip;]<\/p>\n","protected":false},"author":2,"featured_media":0,"parent":0,"menu_order":0,"comment_status":"closed","ping_status":"closed","template":"","meta":{"_et_pb_use_builder":"on","_et_pb_old_content":"","_et_gb_content_width":"","footnotes":""},"class_list":["post-258071","page","type-page","status-publish","hentry"],"_links":{"self":[{"href":"https:\/\/brnoopen.eu\/en\/wp-json\/wp\/v2\/pages\/258071","targetHints":{"allow":["GET"]}}],"collection":[{"href":"https:\/\/brnoopen.eu\/en\/wp-json\/wp\/v2\/pages"}],"about":[{"href":"https:\/\/brnoopen.eu\/en\/wp-json\/wp\/v2\/types\/page"}],"author":[{"embeddable":true,"href":"https:\/\/brnoopen.eu\/en\/wp-json\/wp\/v2\/users\/2"}],"replies":[{"embeddable":true,"href":"https:\/\/brnoopen.eu\/en\/wp-json\/wp\/v2\/comments?post=258071"}],"version-history":[{"count":0,"href":"https:\/\/brnoopen.eu\/en\/wp-json\/wp\/v2\/pages\/258071\/revisions"}],"wp:attachment":[{"href":"https:\/\/brnoopen.eu\/en\/wp-json\/wp\/v2\/media?parent=258071"}],"curies":[{"name":"wp","href":"https:\/\/api.w.org\/{rel}","templated":true}]}}